{"id":2,"date":"2023-04-10T08:53:51","date_gmt":"2023-04-10T08:53:51","guid":{"rendered":"https:\/\/ozkok2.bilkent.edu.tr\/?page_id=2"},"modified":"2023-04-12T11:57:29","modified_gmt":"2023-04-12T11:57:29","slug":"sample-page","status":"publish","type":"page","link":"https:\/\/ozkok2.bilkent.edu.tr\/","title":{"rendered":""},"content":{"rendered":"\n<p class=\"has-text-align-left\" style=\"font-size:18px;line-height:2\">Ce cours est con\u00e7u pour d\u00e9velopper les comp\u00e9tences des \u00e9tudiants en grammaire et en vocabulaire. Il offre un arri\u00e8re-plan grammatical et consolide davantage les informations pr\u00e9liminaires introduites au niveau pr\u00e9c\u00e9dent. Ce cours, ainsi que FRP 103 et FRP 203, aide les \u00e9tudiants \u00e0 produire des interpr\u00e9tations coh\u00e9rentes et pr\u00e9cises dans leur langue \u00e9trang\u00e8re afin de s&#8217;exprimer clairement et de lire efficacement sur un large \u00e9ventail de sujets.<\/p>\n","protected":false},"excerpt":{"rendered":"<p>Ce cours est con\u00e7u pour d\u00e9velopper les comp\u00e9tences des \u00e9tudiants en grammaire et en vocabulaire. Il offre un arri\u00e8re-plan grammatical et consolide davantage les informations pr\u00e9liminaires introduites au niveau pr\u00e9c\u00e9dent. Ce cours, ainsi que FRP 103 et FRP 203, aide les \u00e9tudiants \u00e0 produire des interpr\u00e9tations coh\u00e9rentes et pr\u00e9cises dans leur langue \u00e9trang\u00e8re afin de &hellip;<\/p>\n<p class=\"read-more\"> <a class=\"\" href=\"https:\/\/ozkok2.bilkent.edu.tr\/\">  Devam\u0131 &raquo;<\/a><\/p>\n","protected":false},"author":1,"featured_media":0,"parent":0,"menu_order":0,"comment_status":"closed","ping_status":"open","template":"","meta":{"site-sidebar-layout":"default","site-content-layout":"default","ast-global-header-display":"","ast-main-header-display":"","ast-hfb-above-header-display":"","ast-hfb-below-header-display":"","ast-hfb-mobile-header-display":"","site-post-title":"","ast-breadcrumbs-content":"","ast-featured-img":"","footer-sml-layout":"","theme-transparent-header-meta":"","adv-header-id-meta":"","stick-header-meta":"","header-above-stick-meta":"","header-main-stick-meta":"","header-below-stick-meta":""},"_links":{"self":[{"href":"https:\/\/ozkok2.bilkent.edu.tr\/index.php?rest_route=\/wp\/v2\/pages\/2"}],"collection":[{"href":"https:\/\/ozkok2.bilkent.edu.tr\/index.php?rest_route=\/wp\/v2\/pages"}],"about":[{"href":"https:\/\/ozkok2.bilkent.edu.tr\/index.php?rest_route=\/wp\/v2\/types\/page"}],"author":[{"embeddable":true,"href":"https:\/\/ozkok2.bilkent.edu.tr\/index.php?rest_route=\/wp\/v2\/users\/1"}],"replies":[{"embeddable":true,"href":"https:\/\/ozkok2.bilkent.edu.tr\/index.php?rest_route=%2Fwp%2Fv2%2Fcomments&post=2"}],"version-history":[{"count":11,"href":"https:\/\/ozkok2.bilkent.edu.tr\/index.php?rest_route=\/wp\/v2\/pages\/2\/revisions"}],"predecessor-version":[{"id":183,"href":"https:\/\/ozkok2.bilkent.edu.tr\/index.php?rest_route=\/wp\/v2\/pages\/2\/revisions\/183"}],"wp:attachment":[{"href":"https:\/\/ozkok2.bilkent.edu.tr\/index.php?rest_route=%2Fwp%2Fv2%2Fmedia&parent=2"}],"curies":[{"name":"wp","href":"https:\/\/api.w.org\/{rel}","templated":true}]}}